{"id":10,"date":"2017-12-07T21:06:22","date_gmt":"2017-12-07T20:06:22","guid":{"rendered":"http:\/\/saveursdesandrine.fr\/?page_id=10"},"modified":"2020-08-25T10:57:08","modified_gmt":"2020-08-25T08:57:08","slug":"a-propos-de","status":"publish","type":"page","link":"https:\/\/saveursdesandrine.fr\/index.php\/a-propos-de\/","title":{"rendered":"\u00c0 propos de moi"},"content":{"rendered":"<div class=\"pf-content\"><p><img loading=\"lazy\" class=\"alignleft wp-image-2341\" src=\"http:\/\/saveursdesandrine.fr\/wp-content\/uploads\/2020\/08\/Saveurs-de-Sandrine.jpeg\" alt=\"\" width=\"185\" height=\"262\" \/>Gourmande et passionn\u00e9e de cuisine surtout de p\u00e2tisserie. Je suis heureuse de partager mes recettes sucr\u00e9es et sal\u00e9es avec vous. Vous trouverez des recettes faciles, rapides et d&#8217;autres plus \u00e9labor\u00e9es pour les plus courageux qui aiment passer du temps en cuisine comme moi. Bonne visite sur mon blog.<\/p>\n<\/div>","protected":false},"excerpt":{"rendered":"<p>Gourmande et passionn\u00e9e de cuisine surtout de p\u00e2tisserie. Je suis heureuse de partager mes recettes sucr\u00e9es et sal\u00e9es avec vous. Vous trouverez des recettes faciles, rapides et d&#8217;autres plus \u00e9labor\u00e9es pour les plus courageux qui aiment passer du temps en cuisine comme moi. Bonne visite sur mon blog.<\/p>\n","protected":false},"author":1,"featured_media":77,"parent":0,"menu_order":0,"comment_status":"closed","ping_status":"closed","template":"","meta":[],"_links":{"self":[{"href":"https:\/\/saveursdesandrine.fr\/index.php\/wp-json\/wp\/v2\/pages\/10"}],"collection":[{"href":"https:\/\/saveursdesandrine.fr\/index.php\/wp-json\/wp\/v2\/pages"}],"about":[{"href":"https:\/\/saveursdesandrine.fr\/index.php\/wp-json\/wp\/v2\/types\/page"}],"author":[{"embeddable":true,"href":"https:\/\/saveursdesandrine.fr\/index.php\/wp-json\/wp\/v2\/users\/1"}],"replies":[{"embeddable":true,"href":"https:\/\/saveursdesandrine.fr\/index.php\/wp-json\/wp\/v2\/comments?post=10"}],"version-history":[{"count":11,"href":"https:\/\/saveursdesandrine.fr\/index.php\/wp-json\/wp\/v2\/pages\/10\/revisions"}],"predecessor-version":[{"id":2342,"href":"https:\/\/saveursdesandrine.fr\/index.php\/wp-json\/wp\/v2\/pages\/10\/revisions\/2342"}],"wp:featuredmedia":[{"embeddable":true,"href":"https:\/\/saveursdesandrine.fr\/index.php\/wp-json\/wp\/v2\/media\/77"}],"wp:attachment":[{"href":"https:\/\/saveursdesandrine.fr\/index.php\/wp-json\/wp\/v2\/media?parent=10"}],"curies":[{"name":"wp","href":"https:\/\/api.w.org\/{rel}","templated":true}]}}