{"id":9,"date":"2017-12-07T21:06:22","date_gmt":"2017-12-07T20:06:22","guid":{"rendered":"http:\/\/saveursdesandrine.fr\/?page_id=9"},"modified":"2018-01-02T15:43:10","modified_gmt":"2018-01-02T14:43:10","slug":"accueil","status":"publish","type":"page","link":"https:\/\/saveursdesandrine.fr\/","title":{"rendered":"Accueil"},"content":{"rendered":"<div class=\"pf-content\"><p>Bienvenue sur mon site : <strong>Saveurs de Sandrine<br \/>\n<\/strong><\/p>\n<p>Gourmande et Passionn\u00e9e de cuisine surtout de p\u00e2tisserie.<\/p>\n<p>Je suis heureuse de partager mes recettes sucr\u00e9es, sal\u00e9es avec vous.<\/p>\n<p>Vous trouverez des recettes faciles et rapides, et d&#8217;autres plus \u00e9labor\u00e9es pour les plus courageux qui aiment passer du temps en cuisine comme moi !!!<\/p>\n<\/div>","protected":false},"excerpt":{"rendered":"<p>Bienvenue sur mon site : Saveurs de Sandrine Gourmande et Passionn\u00e9e de cuisine surtout de p\u00e2tisserie. Je suis heureuse de partager mes recettes sucr\u00e9es, sal\u00e9es avec vous. Vous trouverez des recettes faciles et rapides, et d&#8217;autres plus \u00e9labor\u00e9es pour les plus courageux qui aiment passer du temps en cuisine comme moi !!!<\/p>\n","protected":false},"author":1,"featured_media":87,"parent":0,"menu_order":0,"comment_status":"closed","ping_status":"closed","template":"","meta":[],"_links":{"self":[{"href":"https:\/\/saveursdesandrine.fr\/index.php\/wp-json\/wp\/v2\/pages\/9"}],"collection":[{"href":"https:\/\/saveursdesandrine.fr\/index.php\/wp-json\/wp\/v2\/pages"}],"about":[{"href":"https:\/\/saveursdesandrine.fr\/index.php\/wp-json\/wp\/v2\/types\/page"}],"author":[{"embeddable":true,"href":"https:\/\/saveursdesandrine.fr\/index.php\/wp-json\/wp\/v2\/users\/1"}],"replies":[{"embeddable":true,"href":"https:\/\/saveursdesandrine.fr\/index.php\/wp-json\/wp\/v2\/comments?post=9"}],"version-history":[{"count":2,"href":"https:\/\/saveursdesandrine.fr\/index.php\/wp-json\/wp\/v2\/pages\/9\/revisions"}],"predecessor-version":[{"id":33,"href":"https:\/\/saveursdesandrine.fr\/index.php\/wp-json\/wp\/v2\/pages\/9\/revisions\/33"}],"wp:featuredmedia":[{"embeddable":true,"href":"https:\/\/saveursdesandrine.fr\/index.php\/wp-json\/wp\/v2\/media\/87"}],"wp:attachment":[{"href":"https:\/\/saveursdesandrine.fr\/index.php\/wp-json\/wp\/v2\/media?parent=9"}],"curies":[{"name":"wp","href":"https:\/\/api.w.org\/{rel}","templated":true}]}}